{"id":15,"date":"2023-01-10T09:08:39","date_gmt":"2023-01-10T09:08:39","guid":{"rendered":"https:\/\/que26.com\/?page_id=15"},"modified":"2025-02-07T15:18:53","modified_gmt":"2025-02-07T08:18:53","slug":"home","status":"publish","type":"page","link":"https:\/\/que26.com\/","title":{"rendered":"Home"},"content":{"rendered":"\t\t<div data-elementor-type=\"wp-post\" data-elementor-id=\"15\" class=\"elementor elementor-15\">\n\t\t\t\t\t\t\t\t\t<section class=\"elementor-section elementor-top-section elementor-element elementor-element-3faa209 elementor-section-boxed elementor-section-height-default elementor-section-height-default\" data-id=\"3faa209\" data-element_type=\"section\">\n\t\t\t\t\t\t<div class=\"elementor-container elementor-column-gap-default\">\n\t\t\t\t\t<div class=\"elementor-column elementor-col-100 elementor-top-column elementor-element elementor-element-b188a5c\" data-id=\"b188a5c\" data-element_type=\"column\">\n\t\t\t<div class=\"elementor-widget-wrap elementor-element-populated\">\n\t\t\t\t\t\t\t\t<div class=\"elementor-element elementor-element-121a89f elementor-widget elementor-widget-text-editor\" data-id=\"121a89f\" data-element_type=\"widget\" data-widget_type=\"text-editor.default\">\n\t\t\t\t<div class=\"elementor-widget-container\">\n\t\t\t<style>\/*! elementor - v3.15.0 - 02-08-2023 *\/\n.elementor-widget-text-editor.elementor-drop-cap-view-stacked .elementor-drop-cap{background-color:#69727d;color:#fff}.elementor-widget-text-editor.elementor-drop-cap-view-framed .elementor-drop-cap{color:#69727d;border:3px solid;background-color:transparent}.elementor-widget-text-editor:not(.elementor-drop-cap-view-default) .elementor-drop-cap{margin-top:8px}.elementor-widget-text-editor:not(.elementor-drop-cap-view-default) .elementor-drop-cap-letter{width:1em;height:1em}.elementor-widget-text-editor .elementor-drop-cap{float:left;text-align:center;line-height:1;font-size:50px}.elementor-widget-text-editor .elementor-drop-cap-letter{display:inline-block}<\/style>\t\t\t\t<H1>TH\u1ebe GI\u1edaI TRUY\u1ec6N <\/H1>\t\t\t\t\t\t<\/div>\n\t\t\t\t<\/div>\n\t\t\t\t\t<\/div>\n\t\t<\/div>\n\t\t\t\t\t\t\t<\/div>\n\t\t<\/section>\n\t\t\t\t<section class=\"elementor-section elementor-top-section elementor-element elementor-element-2103c30 elementor-section-boxed elementor-section-height-default elementor-section-height-default\" data-id=\"2103c30\" data-element_type=\"section\">\n\t\t\t\t\t\t<div class=\"elementor-container elementor-column-gap-default\">\n\t\t\t\t\t<div class=\"elementor-column elementor-col-50 elementor-top-column elementor-element elementor-element-646254c\" data-id=\"646254c\" data-element_type=\"column\">\n\t\t\t<div class=\"elementor-widget-wrap elementor-element-populated\">\n\t\t\t\t\t\t\t\t<div class=\"elementor-element elementor-element-fd45fd5 elementor-widget elementor-widget-image\" data-id=\"fd45fd5\" data-element_type=\"widget\" data-widget_type=\"image.default\">\n\t\t\t\t<div class=\"elementor-widget-container\">\n\t\t\t<style>\/*! elementor - v3.15.0 - 02-08-2023 *\/\n.elementor-widget-image{text-align:center}.elementor-widget-image a{display:inline-block}.elementor-widget-image a img[src$=\".svg\"]{width:48px}.elementor-widget-image img{vertical-align:middle;display:inline-block}<\/style>\t\t\t\t\t\t\t\t\t\t\t\t\t<a href=\"https:\/\/que26.com\/index.php\/2023\/01\/28\/buom-va-ca-voi\/\">\n\t\t\t\t\t\t\t<img decoding=\"async\" width=\"500\" height=\"500\" src=\"https:\/\/que26.com\/wp-content\/uploads\/2023\/08\/Anh-bia-sach-buom-va-ca-voi-500x500px.jpg\" class=\"attachment-large size-large wp-image-5001\" alt=\"anhbuomvacavoi\" loading=\"lazy\" srcset=\"https:\/\/que26.com\/wp-content\/uploads\/2023\/08\/Anh-bia-sach-buom-va-ca-voi-500x500px.jpg 500w, https:\/\/que26.com\/wp-content\/uploads\/2023\/08\/Anh-bia-sach-buom-va-ca-voi-500x500px-300x300.jpg 300w, https:\/\/que26.com\/wp-content\/uploads\/2023\/08\/Anh-bia-sach-buom-va-ca-voi-500x500px-150x150.jpg 150w\" sizes=\"(max-width: 500px) 100vw, 500px\" \/>\t\t\t\t\t\t\t\t<\/a>\n\t\t\t\t\t\t\t\t\t\t\t\t\t\t\t<\/div>\n\t\t\t\t<\/div>\n\t\t\t\t<div class=\"elementor-element elementor-element-a8caee7 elementor-widget elementor-widget-text-editor\" data-id=\"a8caee7\" data-element_type=\"widget\" data-widget_type=\"text-editor.default\">\n\t\t\t\t<div class=\"elementor-widget-container\">\n\t\t\t\t\t\t\t<h3>T\u00e1c ph\u1ea9m: <a href=\"https:\/\/que26.com\/index.php\/2023\/01\/28\/buom-va-ca-voi\">B\u01b0\u1edbm V\u00e0 C\u00e1 Voi<\/a><\/h3>\nT\u00e1c gi\u1ea3: Suimei<br><br>\n\nTh\u1ec3 lo\u1ea1i: Hi\u1ec7n \u0111\u1ea1i,\u00a0<a style=\"font-family: inherit; font-weight: inherit; background-color: #ffffff;\" href=\"https:\/\/www.youtube.com\/playlist?list=PLR8hmwOUFuuCp6vS0akd0NbVzC-Fr3Um5\" target=\"_blank\" rel=\"noopener\">S\u00e1ch n\u00f3i<\/a><br><br>\n\nV\u0103n \u00e1n:<br><br>\n\n\u201cTu\u1ed5i th\u1ecd c\u1ee7a m\u1ed9t con b\u01b0\u1edbm l\u00e0 t\u1eeb ba ng\u00e0y \u0111\u1ebfn m\u1ed9t th\u00e1ng, v\u00e0 h\u1ea7u h\u1ebft c\u00e1c lo\u00e0i b\u01b0\u1edbm ch\u1ec9 c\u00f3 tu\u1ed5i th\u1ecd m\u1ed9t tu\u1ea7n.\u201d \u201cT\u00f4i c\u0169ng nh\u01b0 ch\u00fang, ch\u1ec9 c\u00f3 tu\u1ed5i th\u1ecd v\u00e0i th\u00e1ng, th\u1eadm ch\u00ed c\u00f3 th\u1ec3 ng\u1eafn h\u01a1n.\u201d <br>\u2013 H\u1ed3 \u0110i\u1ec7p g\u1eb7p Kinh Du l\u1ea7n \u0111\u1ea7u ti\u00ean, anh cho r\u1eb1ng c\u00f4 l\u00e0 m\u1ed9t c\u00f4 g\u00e1i th\u00edch thi\u1ec3n c\u1eadn. L\u1ea7n th\u1ee9 hai g\u1eb7p m\u1eb7t, anh ta \u0111\u00e3 n\u00f3i v\u1edbi H\u1ed3 \u0110i\u1ec7p m\u1ed9t c\u00e1ch d\u1eedng d\u01b0ng: \u201cN\u1ebfu h\u00f4m nay c\u00f4 l\u1ea1i nh\u1ea3y xu\u1ed1ng, ta s\u1ebd kh\u00f4ng c\u1ee9u c\u00f4 n\u1eefa.\u201d Sau \u0111\u00f3, c\u00f4 n\u00f3i v\u1edbi anh: \u201cKinh Du, anh \u0111\u1eebng c\u1ea3m th\u1ea5y c\u00f3 l\u1ed7i v\u1edbi em.\u201d<br>\n\n\u201cAnh \u1ea5y l\u00e0 m\u1ed9t con c\u00e1 voi b\u01a1i l\u1ed9i tr\u00ean bi\u1ec3n, m\u1ed9t ng\u00e0y ng\u1eabu nhi\u00ean, m\u1ed9t con b\u01b0\u1edbm kh\u00f4ng c\u00f3 \u00fd \u0111\u1ecbnh \u0111\u1ed9t nh\u1eadp v\u00e0o t\u1ea7n s\u1ed1 c\u1ee7a anh ta.\u201d<br>\n\n\u201c\u0110\u00f3 l\u00e0 kho\u1ea3nh kh\u1eafc \u0111\u1eb9p nh\u1ea5t trong cu\u1ed9c \u0111\u1eddi anh \u1ea5y.\u201d<br>\t\t\t\t\t\t<\/div>\n\t\t\t\t<\/div>\n\t\t\t\t\t<\/div>\n\t\t<\/div>\n\t\t\t\t<div class=\"elementor-column elementor-col-50 elementor-top-column elementor-element elementor-element-d8ffaf9\" data-id=\"d8ffaf9\" data-element_type=\"column\">\n\t\t\t<div class=\"elementor-widget-wrap elementor-element-populated\">\n\t\t\t\t\t\t\t\t<div class=\"elementor-element elementor-element-1aef19d elementor-widget elementor-widget-image\" data-id=\"1aef19d\" data-element_type=\"widget\" data-widget_type=\"image.default\">\n\t\t\t\t<div class=\"elementor-widget-container\">\n\t\t\t\t\t\t\t\t\t\t\t\t\t\t\t\t<a href=\"https:\/\/que26.com\/index.php\/2023\/01\/27\/nhom-dieu-tra-su-vat-sieu-nhien\/\">\n\t\t\t\t\t\t\t<img decoding=\"async\" width=\"500\" height=\"500\" src=\"https:\/\/que26.com\/wp-content\/uploads\/2023\/08\/Anh-bia-nhom-dieu-tra-su-vat-sieu-nhien-watermark-500x500px.jpg\" class=\"attachment-large size-large wp-image-4993\" alt=\"anhnhomdieutrasuvatsieunhien\" loading=\"lazy\" srcset=\"https:\/\/que26.com\/wp-content\/uploads\/2023\/08\/Anh-bia-nhom-dieu-tra-su-vat-sieu-nhien-watermark-500x500px.jpg 500w, https:\/\/que26.com\/wp-content\/uploads\/2023\/08\/Anh-bia-nhom-dieu-tra-su-vat-sieu-nhien-watermark-500x500px-300x300.jpg 300w, https:\/\/que26.com\/wp-content\/uploads\/2023\/08\/Anh-bia-nhom-dieu-tra-su-vat-sieu-nhien-watermark-500x500px-150x150.jpg 150w\" sizes=\"(max-width: 500px) 100vw, 500px\" \/>\t\t\t\t\t\t\t\t<\/a>\n\t\t\t\t\t\t\t\t\t\t\t\t\t\t\t<\/div>\n\t\t\t\t<\/div>\n\t\t\t\t<div class=\"elementor-element elementor-element-d577a19 elementor-widget elementor-widget-text-editor\" data-id=\"d577a19\" data-element_type=\"widget\" data-widget_type=\"text-editor.default\">\n\t\t\t\t<div class=\"elementor-widget-container\">\n\t\t\t\t\t\t\t<h3>T\u00e1c ph\u1ea9m: <a href=\"https:\/\/que26.com\/index.php\/2023\/01\/27\/nhom-dieu-tra-su-vat-sieu-nhien\/\">Nh\u00f3m \u0110i\u1ec1u Tra S\u1ef1 V\u1eadt Si\u00eau Nhi\u00ean<\/a><\/h3>\nT\u00e1c gi\u1ea3: M\u00e8o con n\u1eeda t\u1ec9nh n\u1eeda m\u00ea<br><br>\n\nTh\u1ec3 lo\u1ea1i: Linh d\u1ecb,\u00a0<a style=\"font-family: inherit; font-weight: inherit; background-color: #ffffff;\" href=\"https:\/\/www.youtube.com\/playlist?list=PLR8hmwOUFuuDxJnov_1MOFZk6136Ndbpi\" target=\"_blank\" rel=\"noopener\">S\u00e1ch n\u00f3i<\/a><br><br>\n\nV\u0103n \u00e1n:<br><br>\n\n&#8220;N\u00e0y, Linh \u0110an, con c\u00e1 g\u1ed7 \u0111\u00f3 l\u00e0 ph\u00e1p kh\u00ed c\u1ee7a s\u01b0 ph\u1ee5, kh\u00f4ng ph\u1ea3i c\u00e1 th\u1eadt, \u0111\u1eebng c\u1eafn!&#8221;<br>\n\n&#8220;Th\u01b0a ti\u1ec3u th\u01b0, t\u00f4i v\u1eeba \u0111\u01b0a cho c\u00f4 ba n\u1ed3i huy\u1ebft ch\u01b0ng cho b\u1eefa tr\u01b0a v\u00e0 b\u00e2y gi\u1edd c\u00f4 l\u1ea1i \u0111\u00f3i?&#8221;<br>\n\n&#8220;L\u1ed9 T\u1eed Minh, n\u1ebfu ng\u01b0\u01a1i l\u1ea1i \u0111\u1ed1t \u0111\u1ea1o b\u00f9a c\u1ee7a ta \u0111\u1ec3 ch\u01a1i, ta li\u1ec1n kh\u00f4ng kh\u00e1ch kh\u00ed!&#8221;<br>\n\nN\u1eeda gi\u1edd sau, Ti\u00eau D\u1eadt ng\u1ed3i x\u1ee5i l\u01a1 tr\u00ean gh\u1ebf s\u00f4 pha trong ph\u00f2ng kh\u00e1ch, v\u1eeba th\u1edf d\u00e0i v\u1eeba nh\u00ecn \u0111\u00e1m y\u00eau qu\u00e1i \u0111ang nh\u1ea3y m\u00faa: &#8220;Tam Thanh \u0111\u1ea1o t\u1ed5 \u1edf tr\u00ean, c\u1ea7u xin ng\u00e0i c\u1ee9u \u0111\u1ec7 t\u1eed&#8230;&#8221;<br> M\u1ed9t tai n\u1ea1n xe h\u01a1i b\u1ea5t ng\u1edd khi\u1ebfn qu\u1ef9 \u0111\u1ea1o cu\u1ed9c \u0111\u1eddi c\u1ee7a Ti\u00eau D\u1eadt thay \u0111\u1ed5i \u0111\u1ed9t ng\u1ed9t. K\u1ec3 t\u1eeb \u0111\u00f3, c\u00f9ng qu\u1ef7 \u0111\u1ea5u l\u00e0 ni\u1ec1m vui b\u1ea5t t\u1eadn; c\u00f9ng c\u01b0\u01a1ng thi \u0111\u1ea5u th\u1eadm ch\u00ed c\u00f2n th\u00fa v\u1ecb h\u01a1n.\t\t\t\t\t\t<\/div>\n\t\t\t\t<\/div>\n\t\t\t\t\t<\/div>\n\t\t<\/div>\n\t\t\t\t\t\t\t<\/div>\n\t\t<\/section>\n\t\t\t\t<section class=\"elementor-section elementor-top-section elementor-element elementor-element-17f0de7 elementor-section-boxed elementor-section-height-default elementor-section-height-default\" data-id=\"17f0de7\" data-element_type=\"section\">\n\t\t\t\t\t\t<div class=\"elementor-container elementor-column-gap-default\">\n\t\t\t\t\t<div class=\"elementor-column elementor-col-50 elementor-top-column elementor-element elementor-element-d890228\" data-id=\"d890228\" data-element_type=\"column\">\n\t\t\t<div class=\"elementor-widget-wrap elementor-element-populated\">\n\t\t\t\t\t\t\t\t<div class=\"elementor-element elementor-element-1b52415 elementor-widget elementor-widget-image\" data-id=\"1b52415\" data-element_type=\"widget\" data-widget_type=\"image.default\">\n\t\t\t\t<div class=\"elementor-widget-container\">\n\t\t\t\t\t\t\t\t\t\t\t\t\t\t\t\t<a href=\"https:\/\/que26.com\/index.php\/2023\/01\/12\/toi-co-mot-trang-trai-di-dong\/\">\n\t\t\t\t\t\t\t<img decoding=\"async\" width=\"500\" height=\"500\" src=\"https:\/\/que26.com\/wp-content\/uploads\/2023\/09\/trang-trai-di-dong-500x500px.jpg\" class=\"attachment-large size-large wp-image-5189\" alt=\"anhtoicomottrangtraididong\" loading=\"lazy\" srcset=\"https:\/\/que26.com\/wp-content\/uploads\/2023\/09\/trang-trai-di-dong-500x500px.jpg 500w, https:\/\/que26.com\/wp-content\/uploads\/2023\/09\/trang-trai-di-dong-500x500px-300x300.jpg 300w, https:\/\/que26.com\/wp-content\/uploads\/2023\/09\/trang-trai-di-dong-500x500px-150x150.jpg 150w\" sizes=\"(max-width: 500px) 100vw, 500px\" \/>\t\t\t\t\t\t\t\t<\/a>\n\t\t\t\t\t\t\t\t\t\t\t\t\t\t\t<\/div>\n\t\t\t\t<\/div>\n\t\t\t\t<div class=\"elementor-element elementor-element-53ebb88 elementor-widget elementor-widget-text-editor\" data-id=\"53ebb88\" data-element_type=\"widget\" data-widget_type=\"text-editor.default\">\n\t\t\t\t<div class=\"elementor-widget-container\">\n\t\t\t\t\t\t\t<h3>T\u00e1c ph\u1ea9m: <a href=\"https:\/\/que26.com\/index.php\/2023\/01\/12\/toi-co-mot-trang-trai-di-dong\/\">T\u00f4i C\u00f3 M\u1ed9t Trang Tr\u1ea1i Di \u0110\u1ed9ng<\/a><\/h3>\nT\u00e1c gi\u1ea3: Ng\u01b0\u1eddi gi\u00e1m h\u1ed9 ho\u00e0ng th\u1ed5<br><br>\n\nTh\u1ec3 lo\u1ea1i: Hi\u1ec7n \u0111\u1ea1i,\u00a0<a style=\"font-family: inherit; font-weight: inherit; background-color: #ffffff;\" href=\"https:\/\/www.youtube.com\/@que26web\" target=\"_blank\" rel=\"noopener\">S\u00e1ch n\u00f3i<\/a><br><br>\n\nV\u0103n \u00e1n:<br><br>\n\nTri\u1ec7u T\u00e2n V\u0169 bu\u1ed9c ph\u1ea3i tr\u1edf th\u00e0nh m\u1ed9t ng\u01b0\u1eddi giao h\u00e0ng \u0111\u1ec3 ki\u1ebfm s\u1ed1ng, nh\u01b0ng t\u00ecnh c\u1edd m\u1ed9t tai n\u1ea1n \u0111\u00e3 khi\u1ebfn anh c\u00f3 m\u1ed9t kho\u1ea3ng th\u1eddi gian kh\u00f4ng \u0111\u1eb7c bi\u1ec7t.\u00a0H\u00e3y xem c\u00e1ch Tri\u1ec7u T\u00e2n V\u0169 s\u1eed d\u1ee5ng kh\u00f4ng gian \u0111\u1ec3 thay \u0111\u1ed5i cu\u1ed9c s\u1ed1ng c\u1ee7a m\u00ecnh, t\u1ea1o ra m\u1ed9t \u0111\u1ebf ch\u1ebf n\u00f4ng nghi\u1ec7p v\u00e0 t\u1ea1o ra m\u1ed9t cu\u1ed9c s\u1ed1ng tuy\u1ec7t v\u1eddi kh\u00e1c bi\u1ec7t.\t\t\t\t\t\t<\/div>\n\t\t\t\t<\/div>\n\t\t\t\t\t<\/div>\n\t\t<\/div>\n\t\t\t\t<div class=\"elementor-column elementor-col-50 elementor-top-column elementor-element elementor-element-05c8733\" data-id=\"05c8733\" data-element_type=\"column\">\n\t\t\t<div class=\"elementor-widget-wrap elementor-element-populated\">\n\t\t\t\t\t\t\t\t<div class=\"elementor-element elementor-element-230f71e elementor-widget elementor-widget-image\" data-id=\"230f71e\" data-element_type=\"widget\" data-widget_type=\"image.default\">\n\t\t\t\t<div class=\"elementor-widget-container\">\n\t\t\t\t\t\t\t\t\t\t\t\t\t\t\t\t<a href=\"https:\/\/que26.com\/index.php\/2023\/01\/29\/nha-ta-co-mot-con-meo-tu-tien\/\">\n\t\t\t\t\t\t\t<img decoding=\"async\" width=\"500\" height=\"500\" src=\"https:\/\/que26.com\/wp-content\/uploads\/2023\/08\/Anh-bia-nhom-dieu-tra-su-vat-sieu-nhien-500x500px-1.jpg\" class=\"attachment-large size-large wp-image-5032\" alt=\"anhnhatacomotconmeotutien\" loading=\"lazy\" srcset=\"https:\/\/que26.com\/wp-content\/uploads\/2023\/08\/Anh-bia-nhom-dieu-tra-su-vat-sieu-nhien-500x500px-1.jpg 500w, https:\/\/que26.com\/wp-content\/uploads\/2023\/08\/Anh-bia-nhom-dieu-tra-su-vat-sieu-nhien-500x500px-1-300x300.jpg 300w, https:\/\/que26.com\/wp-content\/uploads\/2023\/08\/Anh-bia-nhom-dieu-tra-su-vat-sieu-nhien-500x500px-1-150x150.jpg 150w\" sizes=\"(max-width: 500px) 100vw, 500px\" \/>\t\t\t\t\t\t\t\t<\/a>\n\t\t\t\t\t\t\t\t\t\t\t\t\t\t\t<\/div>\n\t\t\t\t<\/div>\n\t\t\t\t<div class=\"elementor-element elementor-element-2aff777 elementor-widget elementor-widget-text-editor\" data-id=\"2aff777\" data-element_type=\"widget\" data-widget_type=\"text-editor.default\">\n\t\t\t\t<div class=\"elementor-widget-container\">\n\t\t\t\t\t\t\t<h3>T\u00e1c ph\u1ea9m: \u00a0<a href=\"https:\/\/que26.com\/index.php\/2023\/01\/29\/nha-ta-co-mot-con-meo-tu-tien\/\">Nh\u00e0 Ta C\u00f3 M\u1ed9t Con M\u00e8o Tu Ti\u00ean<\/a><\/h3>\nT\u00e1c gi\u1ea3: Captain Blue<br><br>\n\nTh\u1ec3 lo\u1ea1i:\u00a0Hi\u1ec7n \u0111\u1ea1i,\u00a0<a style=\"font-family: inherit; font-weight: inherit; background-color: #ffffff;\" href=\"https:\/\/www.youtube.com\/playlist?list=PLR8hmwOUFuuCAdaXeQWUa0MJ222gOkJ0B\" target=\"_blank\" rel=\"noopener\">S\u00e1ch n\u00f3i<\/a>\n<br><br>\nV\u0103n \u00e1n:<br><br>\n\nNg\u01b0\u1eddi x\u01b0a lu\u00f4n n\u00f3i r\u1eb1ng m\u00e8o kh\u00f4ng qu\u00e1 s\u00e1u v\u00e0 ch\u00f3 kh\u00f4ng qu\u00e1 t\u00e1m. Ng\u01b0\u1eddi ta n\u00f3i r\u1eb1ng ch\u00f3 v\u00e0 m\u00e8o qua c\u00e1i tu\u1ed5i n\u00e0y s\u1ebd bi\u1ec3u hi\u1ec7n m\u1ed9t s\u1ed1 h\u00e0nh vi k\u1ef3 l\u1ea1, v\u00e0 con m\u00e8o trong gia \u0111\u00ecnh t\u00f4i.. &#8220;B\u1ea1n c\u00f3 h\u1ea1t \u0111\u1eadu to kh\u00f4ng? T\u00f4i c\u1ea7n t\u00e1m m\u01b0\u01a1i m\u1ed1t h\u1ea1t \u0111\u1eadu to.&#8221; &#8220;Ng\u01b0\u01a1i c\u00f3 th\u1ec3 n\u00f3i chuy\u1ec7n?&#8221; &#8220;T\u00f4i c\u1ea7n t\u00e1m m\u01b0\u01a1i m\u1ed1t h\u1ea1t \u0111\u1eadu to.&#8221;. Sau \u0111\u00f3, c\u00f3 m\u1ed9t \u00f4ng gi\u00e0 \u0111i lang thang v\u00e0 n\u00f3i r\u1eb1ng con m\u00e8o gi\u00e0 n\u00e0y c\u00f3 m\u1ed9t m\u1ed1i quan h\u1ec7 v\u1edbi th\u1ea7n ti\u00ean, v\u00e0 n\u00f3 c\u1ea7n h\u1ea1t \u0111\u1eadu to \u0111\u1ec3 bi\u1ebfn \u0111\u1ed5i.\t\t\t\t\t\t<\/div>\n\t\t\t\t<\/div>\n\t\t\t\t\t<\/div>\n\t\t<\/div>\n\t\t\t\t\t\t\t<\/div>\n\t\t<\/section>\n\t\t\t\t<section class=\"elementor-section elementor-top-section elementor-element elementor-element-17c6739 elementor-section-boxed elementor-section-height-default elementor-section-height-default\" data-id=\"17c6739\" data-element_type=\"section\">\n\t\t\t\t\t\t<div class=\"elementor-container elementor-column-gap-default\">\n\t\t\t\t\t<div class=\"elementor-column elementor-col-50 elementor-top-column elementor-element elementor-element-9934533\" data-id=\"9934533\" data-element_type=\"column\">\n\t\t\t<div class=\"elementor-widget-wrap elementor-element-populated\">\n\t\t\t\t\t\t\t\t<div class=\"elementor-element elementor-element-c4b30ff elementor-widget elementor-widget-image\" data-id=\"c4b30ff\" data-element_type=\"widget\" data-widget_type=\"image.default\">\n\t\t\t\t<div class=\"elementor-widget-container\">\n\t\t\t\t\t\t\t\t\t\t\t\t\t\t\t\t<a href=\"https:\/\/que26.com\/index.php\/2023\/01\/30\/nhung-nam-toi-lam-nguoi-can-thi-o-ngan-xuyen\/\">\n\t\t\t\t\t\t\t<img decoding=\"async\" width=\"500\" height=\"500\" src=\"https:\/\/que26.com\/wp-content\/uploads\/2023\/08\/Anh-Bia-ngan-xuyen-500x500px.jpg\" class=\"attachment-large size-large wp-image-5040\" alt=\"anhnhungnamtoilamnguoicanthionganxuyen\" loading=\"lazy\" srcset=\"https:\/\/que26.com\/wp-content\/uploads\/2023\/08\/Anh-Bia-ngan-xuyen-500x500px.jpg 500w, https:\/\/que26.com\/wp-content\/uploads\/2023\/08\/Anh-Bia-ngan-xuyen-500x500px-300x300.jpg 300w, https:\/\/que26.com\/wp-content\/uploads\/2023\/08\/Anh-Bia-ngan-xuyen-500x500px-150x150.jpg 150w\" sizes=\"(max-width: 500px) 100vw, 500px\" \/>\t\t\t\t\t\t\t\t<\/a>\n\t\t\t\t\t\t\t\t\t\t\t\t\t\t\t<\/div>\n\t\t\t\t<\/div>\n\t\t\t\t<div class=\"elementor-element elementor-element-cb97b94 elementor-widget elementor-widget-text-editor\" data-id=\"cb97b94\" data-element_type=\"widget\" data-widget_type=\"text-editor.default\">\n\t\t\t\t<div class=\"elementor-widget-container\">\n\t\t\t\t\t\t\t<h4>T\u00e1c ph\u1ea9m: <a href=\"https:\/\/que26.com\/index.php\/2023\/01\/30\/nhung-nam-toi-lam-nguoi-can-thi-o-ngan-xuyen\/\">Nh\u1eefng N\u0103m T\u00f4i L\u00e0m Ng\u01b0\u1eddi C\u1ea3n Thi \u1ede Ng\u00e2n Xuy\u00ean<\/a><\/h4>\nT\u00e1c gi\u1ea3: \u0110\u1ea3 Tam Can<br><br>\n\nTh\u1ec3 lo\u1ea1i: Linh d\u1ecb,\u00a0<a style=\"font-family: inherit; font-weight: inherit; background-color: #ffffff;\" href=\"https:\/\/www.youtube.com\/playlist?list=PLR8hmwOUFuuCnMFpFx-nKk5L03EFCBjrU\" target=\"_blank\" rel=\"noopener\">S\u00e1ch n\u00f3i<\/a><br><br>\n\nV\u0103n \u00e1n:<br><br>\n\nT\u1ec9nh l\u1ea1i sau gi\u1ea5c ng\u1ee7, Ng\u00f4 Phong \u0111\u00e3 tr\u1edf th\u00e0nh m\u1ed9t ng\u01b0\u1eddi c\u1ea3n thi \u1edf Ng\u00e2n Xuy\u00ean.\u00a0\u0110\u00fang l\u00fac g\u1eb7p th\u1eddi lo\u1ea1n th\u1ebf, \u00a0y\u00eau ma qu\u1ef7 qu\u00e1i ho\u00e0nh h\u00e0nh.\u00a0L\u00e1 r\u1ee5ng v\u1ec1 c\u1ed9i, nh\u1eadp th\u1ed5 vi an, ti\u1ec5n h\u01b0\u01a1ng h\u1ed3n c\u1ee7a h\u1eafn v\u1ec1 qu\u00ea c\u0169, l\u00e0m vi\u1ec7c thi\u1ec7n t\u00edch \u0111\u1ee9c.\u00a0Ng\u00f4 Phong ph\u00e1t hi\u1ec7n ra r\u1eb1ng th\u00f4ng qua vi\u1ec7c c\u1ea3n thi, anh s\u1ebd nh\u1eadn \u0111\u01b0\u1ee3c nh\u1eefng ph\u1ea7n th\u01b0\u1edfng th\u1ea7n k\u1ef3: V\u00f4 \u1ea3nh ki\u1ebfm, B\u00ed thu\u1eadt Mao S\u01a1n, vu c\u1ed5 chi thu\u1eadt.\t\t\t\t\t\t<\/div>\n\t\t\t\t<\/div>\n\t\t\t\t\t<\/div>\n\t\t<\/div>\n\t\t\t\t<div class=\"elementor-column elementor-col-50 elementor-top-column elementor-element elementor-element-b819178\" data-id=\"b819178\" data-element_type=\"column\">\n\t\t\t<div class=\"elementor-widget-wrap\">\n\t\t\t\t\t\t\t\t\t<\/div>\n\t\t<\/div>\n\t\t\t\t\t\t\t<\/div>\n\t\t<\/section>\n\t\t\t\t\t\t\t<\/div>\n\t\t","protected":false},"excerpt":{"rendered":"<p>TH\u1ebe GI\u1edaI TRUY\u1ec6N T\u00e1c ph\u1ea9m: B\u01b0\u1edbm V\u00e0 C\u00e1 Voi T\u00e1c gi\u1ea3: Suimei Th\u1ec3 lo\u1ea1i: Hi\u1ec7n \u0111\u1ea1i,\u00a0S\u00e1ch n\u00f3i V\u0103n \u00e1n: \u201cTu\u1ed5i th\u1ecd c\u1ee7a m\u1ed9t con b\u01b0\u1edbm l\u00e0 t\u1eeb ba ng\u00e0y \u0111\u1ebfn m\u1ed9t th\u00e1ng, v\u00e0 h\u1ea7u h\u1ebft c\u00e1c lo\u00e0i b\u01b0\u1edbm ch\u1ec9 c\u00f3 tu\u1ed5i th\u1ecd m\u1ed9t tu\u1ea7n.\u201d \u201cT\u00f4i c\u0169ng nh\u01b0 ch\u00fang, ch\u1ec9 c\u00f3 tu\u1ed5i th\u1ecd v\u00e0i th\u00e1ng, th\u1eadm [&hellip;]<\/p>\n","protected":false},"author":2,"featured_media":0,"parent":0,"menu_order":0,"comment_status":"closed","ping_status":"closed","template":"","meta":[],"_links":{"self":[{"href":"https:\/\/que26.com\/index.php\/wp-json\/wp\/v2\/pages\/15"}],"collection":[{"href":"https:\/\/que26.com\/index.php\/wp-json\/wp\/v2\/pages"}],"about":[{"href":"https:\/\/que26.com\/index.php\/wp-json\/wp\/v2\/types\/page"}],"author":[{"embeddable":true,"href":"https:\/\/que26.com\/index.php\/wp-json\/wp\/v2\/users\/2"}],"replies":[{"embeddable":true,"href":"https:\/\/que26.com\/index.php\/wp-json\/wp\/v2\/comments?post=15"}],"version-history":[{"count":210,"href":"https:\/\/que26.com\/index.php\/wp-json\/wp\/v2\/pages\/15\/revisions"}],"predecessor-version":[{"id":12639,"href":"https:\/\/que26.com\/index.php\/wp-json\/wp\/v2\/pages\/15\/revisions\/12639"}],"wp:attachment":[{"href":"https:\/\/que26.com\/index.php\/wp-json\/wp\/v2\/media?parent=15"}],"curies":[{"name":"wp","href":"https:\/\/api.w.org\/{rel}","templated":true}]}}